{"id":35,"date":"2011-11-05T17:35:17","date_gmt":"2011-11-05T17:35:17","guid":{"rendered":"http:\/\/aparteoutsider.org\/?page_id=35"},"modified":"2012-01-30T21:57:21","modified_gmt":"2012-01-30T21:57:21","slug":"cronologia","status":"publish","type":"page","link":"https:\/\/aparteoutsider.org\/?page_id=35","title":{"rendered":"Cronologia"},"content":{"rendered":"<table style=\"width: 914px;\" border=\"0\" cellspacing=\"0\" cellpadding=\"0\">\n<tbody>\n<tr>\n<td style=\"vertical-align: top;\" width=\"586\">\n<h4><strong><span style=\"color: #99cc00; font-size: 16px;\">S\u00cdNTESE CRONOL\u00d3GICA \u2013 NO MUNDO E EM PORTUGAL<\/span><\/strong><\/h4>\n<h4 style=\"text-align: justify;\"><strong><span style=\"color: #99cc00; font-size: 16px;\">ARTE OUTSIDER \u2013 do interesse cl\u00ednico, ao conceito e \u00e0 consagra\u00e7\u00e3o<\/span><\/strong><\/h4>\n<p style=\"text-align: justify;\"><span style=\"color: #edead8;\">c. 1335 \u2013 Desenhos do religioso Opicinum de Canistris e descri\u00e7\u00e3o pelo pr\u00f3prio da sua doen\u00e7a, preservados na Biblioteca do Vaticano.<\/span><\/p>\n<p style=\"text-align: justify;\"><span style=\"color: #edead8;\">1838 \u2013 O Dr. William Browne, superintendente do Hospital Real de Crichton, Esc\u00f3cia, come\u00e7a a colecionar obras de arte de doentes mentais, mas a quase totalidade n\u00e3o chegou aos nossos dias<\/span><\/p>\n<p style=\"text-align: justify;\"><span style=\"color: #edead8;\">1853 \u2013 O escritor Victor Hugo inicia os seus desenhos de tra\u00e7o r\u00e1pido e quase cont\u00ednuo, executados em semi-obscuridade, e que n\u00e3o divulgou.<\/span><\/p>\n<p style=\"text-align: justify;\"><span style=\"color: #edead8;\">1861 \u2013 Primeira exposi\u00e7\u00e3o de arte medi\u00fanica, de Georgiana Houghton, em Londres, numa \u00e9poca de grande popularidade do espiritismo.<\/span><\/p>\n<p style=\"text-align: justify;\"><span style=\"color: #edead8;\">1864 \u2013 Publica\u00e7\u00e3o de \u201cGenio e folia\u201d, de Cesare Lombroso (1835-1909), sobre a rela\u00e7\u00e3o entre a genialidade na arte, literatura e ci\u00eancia, e a perturba\u00e7\u00e3o mental, uma liga\u00e7\u00e3o que exagerou sobremaneira, fruto da mentalidade rom\u00e2ntica da \u00e9poca.<\/span><\/p>\n<p style=\"text-align: justify;\"><span style=\"color: #edead8;\">1876 \u2013 Publica\u00e7\u00e3o em Fran\u00e7a pelo psiquiatra Paul-Max Simon do primeiro artigo significativo a n\u00edvel mundial exclusivamente dedicado \u00e0 arte de doentes mentais, \u201cL\u2019Imagination dans la folie\u201d.<\/span><\/p>\n<p style=\"text-align: justify;\"><span style=\"color: #edead8;\">c.1894 \u2013 O Prof. Miguel Bombarda (1851-1910) inicia uma cole\u00e7\u00e3o de arte e de escritos de doentes no Hospital Psiqui\u00e1trico de Rilhafoles em Lisboa (depois Hospital Miguel Bombarda), uma das primeiras do mundo, essencialmente com objectivos cl\u00ednicos. A quase totalidade da cole\u00e7\u00e3o encontra-se desaparecida ou foi destru\u00edda.<\/span><\/p>\n<p style=\"text-align: justify;\"><span style=\"color: #edead8;\">1900 \u2013 Editado em Lisboa o livro \u201cPintores e Poetas de Rilhafolles\u201d, da autoria de J\u00falio Dantas, em que descreve e analisa a cole\u00e7\u00e3o iniciada por Bombarda.<\/span><\/p>\n<p style=\"text-align: justify;\"><span style=\"color: #edead8;\">1900 \u2013 Primeira exposi\u00e7\u00e3o realizada no mundo de arte de doentes mentais, organizada pelo Hospital Real de Bethlem, em Londres<\/span><\/p>\n<p style=\"text-align: justify;\"><span style=\"color: #edead8;\">1905 \u2013 Exposi\u00e7\u00e3o da colec\u00e7\u00e3o do Dr. Auguste Marie, no Asilo de Villejuif, Paris.<\/span><\/p>\n<p style=\"text-align: justify;\"><span style=\"color: #edead8;\">1907 \u2013 Publica\u00e7\u00e3o do livro \u201cL\u2019Art chez les fous\u201d sobre a arte dos doentes mentais pelo Dr. Marcel R\u00e9ja (Paul Meunier) ilustrado com obras da cole\u00e7\u00e3o do Dr. Auguste Marie.<\/span><\/p>\n<p style=\"text-align: justify;\"><span style=\"color: #edead8;\">1921 &#8211; Walter Morgenthaler (1882-1965), do Hospital de Waldau, Berna, Sui\u00e7a, publica um livro exclusivamente dedicado \u00e0 vast\u00edssima obra do seu doente Adolf Wolfli (1864-1930) (desenho e pintura, prosa \u00e9pica e m\u00fasica), considerado o primeiro grande artista outsider. Pela primeira vez, um estudo fundamentado apresenta a arte de um doente mental como de singular valor art\u00edstico.<\/span><\/p>\n<p style=\"text-align: justify;\"><span style=\"color: #edead8;\">1922 \u2013 Publicado o livro de Hans Prinzhorn (1886-1933), historiador de arte e psiquiatra,\u00a0\u201cA Express\u00e3o Art\u00edstica dos Doentes Mentais\u201d, profusamente ilustrado, onde o autor analisa detalhadamente as caracter\u00edsticas da arte desses doentes, e destaca o seu valor art\u00edstico e originalidade. O estudo baseou-se numa cole\u00e7\u00e3o de cerca de 5000 obras, recolhidas selectivamente desde 1919 em diversas institui\u00e7\u00f5es psiqui\u00e1tricas europeias, a depois tornada famosa e denominada Cole\u00e7\u00e3o Prinzhorn, sediada no Hospital Psiqui\u00e1trico de Heidelberg, Alemanha. Apesar de s\u00f3 mais tarde ter sido traduzido para franc\u00eas e ingl\u00eas, o livro influenciou fortemente v\u00e1rios movimentos art\u00edsticos e sobretudo o surrealismo.<\/span><\/p>\n<p style=\"text-align: justify;\"><span style=\"color: #edead8;\">1945 \u2013 Ap\u00f3s colecionar arte infantil, e iniciar a cole\u00e7\u00e3o de arte de doentes autodidatas, o pintor franc\u00eas Jean Dubuffet (1901-1985) viaja pela Sui\u00e7a onde visita algumas institui\u00e7\u00f5es psiqui\u00e1tricas e a cole\u00e7\u00e3o de Waldau, incluindo a obra de Adolf Wolfli. Numa carta utiliza a express\u00e3o Art Brut.<\/span><\/p>\n<p style=\"text-align: justify;\"><span style=\"color: #edead8;\">1949 \u2013 Na sequ\u00eancia da funda\u00e7\u00e3o da Compagnie de l\u2019Art Brut, por Jean Dubuffet, Andr\u00e9 Breton, Jean Paulhan e outros, no ano anterior, \u00e9 realizada a primeira grande exposi\u00e7\u00e3o da Collection de l\u2019Art Brut constitu\u00edda por Dubuffet, na Galeria Ren\u00e9 Drouin em Paris. Jean Dubuffet, em texto-manifesto, lan\u00e7a a designa\u00e7\u00e3o e o conceito de Art Brut, esclarecendo o seu significado, e tornando poss\u00edvel, a partir da\u00ed, identificar, estudar e estabelecer o valor relativo das obras, um marco fundamental para a salvaguarda e divulga\u00e7\u00e3o deste tipo de arte.<\/span><\/p>\n<p style=\"text-align: justify;\"><span style=\"color: #edead8;\">1952 \u2013 Inaugurado no Rio de Janeiro o Museu das Imagens do Inconsciente, no seguimento do trabalho terap\u00eautico inovador de Nise da Silveira.<\/span><\/p>\n<p style=\"text-align: justify;\"><span style=\"color: #edead8;\">1957 \u2013 Carlo Zinelli (1916-1974) inicia a sua actividade pict\u00f3rica, que se manter\u00e1 por 14 anos, no ateli\u00ea do Hospital de Verona, It\u00e1lia.<\/span><\/p>\n<p style=\"text-align: justify;\"><span style=\"color: #edead8;\">1969 \u2013 Falecimento de Jaime Fernandes (1899-1969), doente de evolu\u00e7\u00e3o prolongada do Hospital Miguel Bombarda, at\u00e9 hoje o mais famoso artista outsider portugu\u00eas, representado em cole\u00e7\u00f5es e museus estrangeiros. Desenhou sobretudo entre 1962 e 1969.<\/span><\/p>\n<p style=\"text-align: justify;\"><span style=\"color: #edead8;\">1972 \u2013 O historiador de arte ingl\u00eas Roger Cardinale publica o livro \u201cOutsider Art\u201d onde al\u00e9m de perspectivar obras e autores, cria a express\u00e3o correspondente para a l\u00edngua inglesa, Outsider Art, que se popularizar\u00e1 nas d\u00e9cadas seguintes<\/span><\/p>\n<p style=\"text-align: justify;\"><span style=\"color: #edead8;\">1973 \u2013 Descoberta a impressionante obra de Henry Darger (1892-1973), pouco antes da sua morte, pelo senhorio do quarto onde residia, em Chicago.<\/span><\/p>\n<p style=\"text-align: justify;\"><span style=\"color: #edead8;\">1975 \u2013 Michel Th\u00e9voz publica o livro \u201cL\u2019Art Brut\u201d.<\/span><\/p>\n<p style=\"text-align: justify;\"><span style=\"color: #edead8;\">1976 \u2013 Ap\u00f3s diversas vicissitudes, e a indiferen\u00e7a da cidade de Paris, a Collection de l\u2019Art Brut, ent\u00e3o com 6000 exemplares recolhidos por Jean Dubuffet, abre ao p\u00fablico, com esse nome, em Lausanne, Sui\u00e7a. Foi o primeiro Museu dedicado exclusivamente \u00e0 Arte Outsider e \u00e9 considerado o melhor existente no mundo com mais de 60000 obras.<\/span><\/p>\n<p style=\"text-align: justify;\"><span style=\"color: #edead8;\">1988 \u2013 Exposi\u00e7\u00e3o da vasta obra at\u00e9 a\u00ed desconhecida de Eugene Von Bruenchenhein (1910-1983), incluindo pintura, escultura, fotografia e poesia, em Wisconsin, EUA, estado onde viveu.<\/span><\/p>\n<p style=\"text-align: justify;\"><span style=\"color: #edead8;\">1989 \u2013 Primeiro n\u00famero da revista inglesa, de proje\u00e7\u00e3o internacional, Raw Vision (Arte Outsider e Arte Popular Contempor\u00e2nea), dirigida por John Maizels, galardoada pela UNESCO como melhor revista de arte do mundo.<\/span><\/p>\n<p style=\"text-align: justify;\"><span style=\"color: #edead8;\">1995 \u2013 Funda\u00e7\u00e3o do American Visionary Art Museum, em Baltimore\u2026<\/span><\/p>\n<p style=\"text-align: justify;\"><span style=\"color: #edead8;\">1996 \u2013 Falecimento de Jos\u00e9 dos Santos, campon\u00eas e escultor outsider portugu\u00eas. Perante o imobilismo e desconhecimento no seu pa\u00eds, a sua cole\u00e7\u00e3o, com cerca de 250 obras, algumas com figuras em tamanho natural, s\u00e3o oferecidas por \u00faltima vontade do autor a dois investigadores residentes em Inglaterra, que o haviam descoberto e conhecido. A cole\u00e7\u00e3o pertence actualmente ao centro de arte outsider da Universidade de Sydney, Austr\u00e1lia.<\/span><\/p>\n<p style=\"text-align: justify;\"><span style=\"color: #edead8;\">1997 \u2013 O American Folk Art Museum, de Nova Iorque, abre o centro contempor\u00e2neo, com destaque para a Arte Outsider<\/span><\/p>\n<p style=\"text-align: justify;\"><span style=\"color: #edead8;\">1999 \u2013 Funda\u00e7\u00e3o da Collection \u00a0ABCD (Art Brut connaissance et diffusion) sediada em Paris, de Bruno Decharme.<\/span><\/p>\n<p style=\"text-align: justify;\"><span style=\"color: #edead8;\">2001 \u2013 A Cole\u00e7\u00e3o Prinzhorn \u00e9 aberta ao p\u00fablico como Museu, no Hospital de \u00a0Heidelberg.<\/span><\/p>\n<p style=\"text-align: justify;\"><span style=\"color: #edead8;\">2004 \u2013 Abertura ao p\u00fablico do Pavilh\u00e3o de Seguran\u00e7a, Museu do Hospital Miguel Bombarda em Lisboa, dedicado \u00e0 Arte de Doentes (Arte Outsider, Arte Naive e arte convencional) e \u00e0s Neuroci\u00eancias. Realizam-se obras de restauro no Pavilh\u00e3o de Seguran\u00e7a em 2005, 2006 e 2007, e efectuam-se estudos pr\u00e9vios para o restauro do Balne\u00e1rio D. Maria II. Actualmente, com mais de 5000 desenhos e pinturas de doentes, desde 1902, mais de 5500 fotografias, milhares de objectos cl\u00ednicos e mobili\u00e1rio, al\u00e9m de dezenas de milhar de documentos desde 1848, \u00e9 o \u00fanico Museu de Arte Outsider da Pen\u00ednsula Ib\u00e9rica.<\/span><\/p>\n<p style=\"text-align: justify;\"><span style=\"color: #edead8;\">2010 \u2013 Inaugurado em Setembro o LAM, Museu Lille-Metropole, Fran\u00e7a, dedicado \u00e0 Arte Moderna, Arte Contempor\u00e2nea e Arte Outsider.<\/span><\/p>\n<p style=\"text-align: justify;\"><span style=\"color: #edead8;\">2010 \u2013 Em Dezembro, perante o encerramento do Hospital Miguel Bombarda, \u00e9 dirigido um Apelo \u00e0s ministras da Sa\u00fade e da Cultura, pela Continuidade e Desenvolvimento do Museu no hospital, e pela salvaguarda do acervo e arquivos hospitalares, subscrito por grandes personalidades da Cultura e Ci\u00eancia, nomeadamente Paula Rego, Ant\u00f3nio Dam\u00e1sio, Simonetta Luz Afonso, Raquel Henriques da Silva, Manoel de Oliveira, J\u00falio Pomar, Eduardo Nery, Joana Vasconcelos. A 24 de Dezembro \u00e9 publicada em DR (Portaria 1176\/2010) a classifica\u00e7\u00e3o definitiva do Balne\u00e1rio D. Maria II e do Pavilh\u00e3o de Seguran\u00e7a como Conjunto de Interesse P\u00fablico, e considerado Zona Especial de Prote\u00e7\u00e3o todo o Hospital, incluindo os outros edif\u00edcios.<\/span><\/p>\n<p style=\"text-align: justify;\"><span style=\"color: #edead8;\">2011 \u2013 A Resolu\u00e7\u00e3o da Assembleia da Rep\u00fablica n\u00ba 99\/2011, DR de 2 de Maio, aprovada por unanimidade em plen\u00e1rio, recomenda ao governo de ent\u00e3o, a preserva\u00e7\u00e3o e valoriza\u00e7\u00e3o do patrim\u00f3nio m\u00f3vel do Hospital Miguel Bombarda, nas suas instala\u00e7\u00f5es, incluindo os elementos art\u00edsticos, documentais, cl\u00ednicos e o mobili\u00e1rio, mantendo-o como espa\u00e7o museol\u00f3gico aberto ao p\u00fablico.<\/span><\/p>\n<\/td>\n<td style=\"vertical-align: top; text-align: center; background-color: #222222; padding-left: 1px; padding-right: 1px;\" width=\"330\">\n<div id=\"attachment_126\" style=\"width: 310px\" class=\"wp-caption aligncenter\"><a onclick=\"javascript:pageTracker._trackPageview('\/downloads\/wp-content\/uploads\/2011\/11\/4.-2.jpg');\"  href=\"http:\/\/aparteoutsider.org\/wp-content\/uploads\/2011\/11\/4.-2.jpg\"><img aria-describedby=\"caption-attachment-126\" decoding=\"async\" loading=\"lazy\" class=\"size-medium wp-image-126   \" style=\"padding: 0px;\" src=\"http:\/\/aparteoutsider.org\/wp-content\/uploads\/2011\/11\/4.-2-212x300.jpg\" alt=\"\" width=\"300\" height=\"424\" srcset=\"https:\/\/aparteoutsider.org\/wp-content\/uploads\/2011\/11\/4.-2-212x300.jpg 212w, https:\/\/aparteoutsider.org\/wp-content\/uploads\/2011\/11\/4.-2-725x1024.jpg 725w, https:\/\/aparteoutsider.org\/wp-content\/uploads\/2011\/11\/4.-2.jpg 1076w\" sizes=\"(max-width: 300px) 100vw, 300px\" \/><\/a><p id=\"caption-attachment-126\" class=\"wp-caption-text\">Ant\u00f3nio Gameiro, projeto de enorme fonte, 1902, col. particular depositado no Museu Miguel Bombarda<\/p><\/div>\n<div id=\"attachment_239\" style=\"width: 310px\" class=\"wp-caption aligncenter\"><a onclick=\"javascript:pageTracker._trackPageview('\/downloads\/wp-content\/uploads\/2011\/11\/4.-41.jpg');\"  href=\"http:\/\/aparteoutsider.org\/wp-content\/uploads\/2011\/11\/4.-41.jpg\"><img aria-describedby=\"caption-attachment-239\" decoding=\"async\" loading=\"lazy\" class=\"size-large wp-image-239 \" style=\"padding: 0px;\" src=\"http:\/\/aparteoutsider.org\/wp-content\/uploads\/2011\/11\/4.-41-636x1024.jpg\" alt=\"\" width=\"300\" height=\"483\" srcset=\"https:\/\/aparteoutsider.org\/wp-content\/uploads\/2011\/11\/4.-41-636x1024.jpg 636w, https:\/\/aparteoutsider.org\/wp-content\/uploads\/2011\/11\/4.-41-186x300.jpg 186w, https:\/\/aparteoutsider.org\/wp-content\/uploads\/2011\/11\/4.-41.jpg 933w\" sizes=\"(max-width: 300px) 100vw, 300px\" \/><\/a><p id=\"caption-attachment-239\" class=\"wp-caption-text\">Capa do livro de J\u00falio Dantas \u201cPintores e Poetas de Rilhafolles\u201d, 1900<\/p><\/div>\n<div id=\"attachment_129\" style=\"width: 310px\" class=\"wp-caption aligncenter\"><a onclick=\"javascript:pageTracker._trackPageview('\/downloads\/wp-content\/uploads\/2011\/11\/4.-5-e1321579837734.jpg');\"  href=\"http:\/\/aparteoutsider.org\/wp-content\/uploads\/2011\/11\/4.-5-e1321579837734.jpg\"><img aria-describedby=\"caption-attachment-129\" decoding=\"async\" loading=\"lazy\" class=\"size-medium wp-image-129 \" style=\"padding: 0px;\" src=\"http:\/\/aparteoutsider.org\/wp-content\/uploads\/2011\/11\/4.-5-e1321579837734-300x224.jpg\" alt=\"\" width=\"300\" height=\"224\" srcset=\"https:\/\/aparteoutsider.org\/wp-content\/uploads\/2011\/11\/4.-5-e1321579837734-300x224.jpg 300w, https:\/\/aparteoutsider.org\/wp-content\/uploads\/2011\/11\/4.-5-e1321579837734-1024x764.jpg 1024w, https:\/\/aparteoutsider.org\/wp-content\/uploads\/2011\/11\/4.-5-e1321579837734.jpg 1528w\" sizes=\"(max-width: 300px) 100vw, 300px\" \/><\/a><p id=\"caption-attachment-129\" class=\"wp-caption-text\">Adolf Wolfli (1864-1930)<\/p><\/div>\n<div id=\"attachment_130\" style=\"width: 310px\" class=\"wp-caption aligncenter\"><a onclick=\"javascript:pageTracker._trackPageview('\/downloads\/wp-content\/uploads\/2011\/11\/4.-6.jpg');\"  href=\"http:\/\/aparteoutsider.org\/wp-content\/uploads\/2011\/11\/4.-6.jpg\"><img aria-describedby=\"caption-attachment-130\" decoding=\"async\" loading=\"lazy\" class=\"size-medium wp-image-130 \" style=\"padding: 0px;\" src=\"http:\/\/aparteoutsider.org\/wp-content\/uploads\/2011\/11\/4.-6-206x300.jpg\" alt=\"\" width=\"300\" height=\"437\" srcset=\"https:\/\/aparteoutsider.org\/wp-content\/uploads\/2011\/11\/4.-6-206x300.jpg 206w, https:\/\/aparteoutsider.org\/wp-content\/uploads\/2011\/11\/4.-6-703x1024.jpg 703w, https:\/\/aparteoutsider.org\/wp-content\/uploads\/2011\/11\/4.-6.jpg 816w\" sizes=\"(max-width: 300px) 100vw, 300px\" \/><\/a><p id=\"caption-attachment-130\" class=\"wp-caption-text\">Hans Prinzhorn<\/p><\/div>\n<div id=\"attachment_260\" style=\"width: 310px\" class=\"wp-caption aligncenter\"><a onclick=\"javascript:pageTracker._trackPageview('\/downloads\/wp-content\/uploads\/2011\/11\/Jaime-bra%C3%A7os-no-ar.jpg');\"  href=\"http:\/\/aparteoutsider.org\/wp-content\/uploads\/2011\/11\/Jaime-bra%C3%A7os-no-ar.jpg\"><img aria-describedby=\"caption-attachment-260\" decoding=\"async\" loading=\"lazy\" class=\"size-medium wp-image-260 \" style=\"padding: 0px;\" src=\"http:\/\/aparteoutsider.org\/wp-content\/uploads\/2011\/11\/Jaime-bra%C3%A7os-no-ar-228x300.jpg\" alt=\"\" width=\"300\" height=\"395\" \/><\/a><p id=\"caption-attachment-260\" class=\"wp-caption-text\">Jaime Fernandes, Museu Miguel Bombarda<\/p><\/div>\n<div id=\"attachment_135\" style=\"width: 310px\" class=\"wp-caption aligncenter\"><a onclick=\"javascript:pageTracker._trackPageview('\/downloads\/wp-content\/uploads\/2011\/11\/4.-11.jpg');\"  href=\"http:\/\/aparteoutsider.org\/wp-content\/uploads\/2011\/11\/4.-11.jpg\"><img aria-describedby=\"caption-attachment-135\" decoding=\"async\" loading=\"lazy\" class=\"size-medium wp-image-135 \" style=\"padding: 0px;\" src=\"http:\/\/aparteoutsider.org\/wp-content\/uploads\/2011\/11\/4.-11-216x300.jpg\" alt=\"\" width=\"300\" height=\"416\" srcset=\"https:\/\/aparteoutsider.org\/wp-content\/uploads\/2011\/11\/4.-11-216x300.jpg 216w, https:\/\/aparteoutsider.org\/wp-content\/uploads\/2011\/11\/4.-11-739x1024.jpg 739w, https:\/\/aparteoutsider.org\/wp-content\/uploads\/2011\/11\/4.-11.jpg 1155w\" sizes=\"(max-width: 300px) 100vw, 300px\" \/><\/a><p id=\"caption-attachment-135\" class=\"wp-caption-text\">Jos\u00e9 dos Santos (c.1900?-1996), figura hermafrodita<\/p><\/div>\n<div id=\"attachment_137\" style=\"width: 310px\" class=\"wp-caption aligncenter\"><a onclick=\"javascript:pageTracker._trackPageview('\/downloads\/wp-content\/uploads\/2011\/11\/4.-14.jpg');\"  href=\"http:\/\/aparteoutsider.org\/wp-content\/uploads\/2011\/11\/4.-14.jpg\"><img aria-describedby=\"caption-attachment-137\" decoding=\"async\" loading=\"lazy\" class=\"size-medium wp-image-137  \" style=\"padding: 0px;\" src=\"http:\/\/aparteoutsider.org\/wp-content\/uploads\/2011\/11\/4.-14-300x225.jpg\" alt=\"\" width=\"300\" height=\"225\" srcset=\"https:\/\/aparteoutsider.org\/wp-content\/uploads\/2011\/11\/4.-14-300x225.jpg 300w, https:\/\/aparteoutsider.org\/wp-content\/uploads\/2011\/11\/4.-14-1024x768.jpg 1024w, https:\/\/aparteoutsider.org\/wp-content\/uploads\/2011\/11\/4.-14.jpg 1600w\" sizes=\"(max-width: 300px) 100vw, 300px\" \/><\/a><p id=\"caption-attachment-137\" class=\"wp-caption-text\">Entrada do edif\u00edcio conventual, Museu Miguel Bombarda<\/p><\/div>\n<p><div id=\"attachment_136\" style=\"width: 310px\" class=\"wp-caption aligncenter\"><a onclick=\"javascript:pageTracker._trackPageview('\/downloads\/wp-content\/uploads\/2011\/11\/4.-12.jpg');\"  href=\"http:\/\/aparteoutsider.org\/wp-content\/uploads\/2011\/11\/4.-12.jpg\"><img aria-describedby=\"caption-attachment-136\" decoding=\"async\" loading=\"lazy\" class=\"size-medium wp-image-136 \" style=\"padding: 0px;\" src=\"http:\/\/aparteoutsider.org\/wp-content\/uploads\/2011\/11\/4.-12-300x225.jpg\" alt=\"\" width=\"300\" height=\"225\" srcset=\"https:\/\/aparteoutsider.org\/wp-content\/uploads\/2011\/11\/4.-12-300x225.jpg 300w, https:\/\/aparteoutsider.org\/wp-content\/uploads\/2011\/11\/4.-12-1024x768.jpg 1024w, https:\/\/aparteoutsider.org\/wp-content\/uploads\/2011\/11\/4.-12.jpg 1500w\" sizes=\"(max-width: 300px) 100vw, 300px\" \/><\/a><p id=\"caption-attachment-136\" class=\"wp-caption-text\">Judith Scott (1943-2005), 4 esculturas em fio e tecido, expostas no American Folk Art Museum<\/p><\/div><\/td>\n<\/tr>\n<\/tbody>\n<\/table>\n","protected":false},"excerpt":{"rendered":"<p>S\u00cdNTESE CRONOL\u00d3GICA \u2013 NO MUNDO E EM PORTUGAL ARTE OUTSIDER \u2013 do interesse cl\u00ednico, ao conceito e \u00e0 consagra\u00e7\u00e3o c. 1335 \u2013 Desenhos do religioso Opicinum de Canistris e descri\u00e7\u00e3o pelo pr\u00f3prio da sua doen\u00e7a, preservados na Biblioteca do Vaticano. 1838 \u2013 O Dr. William Browne, superintendente do Hospital Real de Crichton, Esc\u00f3cia, come\u00e7a a [&#038;hellip<\/p>\n","protected":false},"author":1,"featured_media":0,"parent":0,"menu_order":0,"comment_status":"closed","ping_status":"closed","template":"page-noside-nocomment.php","meta":{"ngg_post_thumbnail":0},"_links":{"self":[{"href":"https:\/\/aparteoutsider.org\/index.php?rest_route=\/wp\/v2\/pages\/35"}],"collection":[{"href":"https:\/\/aparteoutsider.org\/index.php?rest_route=\/wp\/v2\/pages"}],"about":[{"href":"https:\/\/aparteoutsider.org\/index.php?rest_route=\/wp\/v2\/types\/page"}],"author":[{"embeddable":true,"href":"https:\/\/aparteoutsider.org\/index.php?rest_route=\/wp\/v2\/users\/1"}],"replies":[{"embeddable":true,"href":"https:\/\/aparteoutsider.org\/index.php?rest_route=%2Fwp%2Fv2%2Fcomments&post=35"}],"version-history":[{"count":35,"href":"https:\/\/aparteoutsider.org\/index.php?rest_route=\/wp\/v2\/pages\/35\/revisions"}],"predecessor-version":[{"id":144,"href":"https:\/\/aparteoutsider.org\/index.php?rest_route=\/wp\/v2\/pages\/35\/revisions\/144"}],"wp:attachment":[{"href":"https:\/\/aparteoutsider.org\/index.php?rest_route=%2Fwp%2Fv2%2Fmedia&parent=35"}],"curies":[{"name":"wp","href":"https:\/\/api.w.org\/{rel}","templated":true}]}}