{"id":496,"date":"2016-01-16T18:45:44","date_gmt":"2016-01-16T18:45:44","guid":{"rendered":"http:\/\/aparteoutsider.org\/?page_id=496"},"modified":"2016-01-16T18:48:13","modified_gmt":"2016-01-16T18:48:13","slug":"imprensa","status":"publish","type":"page","link":"https:\/\/aparteoutsider.org\/?page_id=496","title":{"rendered":"Imprensa"},"content":{"rendered":"<p><span style=\"color: #ffffff;\"><a onclick=\"javascript:pageTracker._trackPageview('\/outgoing\/www.dn.pt\/dossiers\/cidades\/reestruturacao-da-colina-de-santana\/opiniao\/interior\/cultura-e-arte-para-revitalizar-a-colina-3687459.html');\" style=\"color: #ffffff;\"  href=\"http:\/\/www.dn.pt\/dossiers\/cidades\/reestruturacao-da-colina-de-santana\/opiniao\/interior\/cultura-e-arte-para-revitalizar-a-colina-3687459.html\" target=\"_blank\">15-02-2014 &#8211;\u00a0Cultura e Arte, para revitalizar a Colina [V\u00edtor Freire]<\/a><\/span><\/p>\n<p><span style=\"color: #ffffff;\"><a onclick=\"javascript:pageTracker._trackPageview('\/outgoing\/www.dn.pt\/dossiers\/cidades\/reestruturacao-da-colina-de-santana\/opiniao\/interior\/colina-de-santana-haja-transparencia-3767979.html');\" style=\"color: #ffffff;\"  href=\"http:\/\/www.dn.pt\/dossiers\/cidades\/reestruturacao-da-colina-de-santana\/opiniao\/interior\/colina-de-santana-haja-transparencia-3767979.html\" target=\"_blank\">20-03-2014 &#8211;\u00a0Colina de Santana: haja transpar\u00eancia! [Pompeu Santos]<\/a><\/span><\/p>\n<p><span style=\"color: #ffffff;\"><a onclick=\"javascript:pageTracker._trackPageview('\/outgoing\/www.publico.pt\/local\/noticia\/a-classificacao-do-hospital-miguel-bombarda-e-o-futuro-da-nossa-cultura-1614709');\" style=\"color: #ffffff;\"  href=\"http:\/\/www.publico.pt\/local\/noticia\/a-classificacao-do-hospital-miguel-bombarda-e-o-futuro-da-nossa-cultura-1614709\" target=\"_blank\">04-12-2013 &#8211;\u00a0A classifica\u00e7\u00e3o do Hospital Miguel Bombarda e o futuro da nossa cultura [V\u00edtor Oliveira]<\/a><\/span><\/p>\n<p><span style=\"color: #ffffff;\"><a onclick=\"javascript:pageTracker._trackPageview('\/outgoing\/www.publico.pt\/opiniao\/jornal\/hospital-miguel-bombarda-um-extraordinario-conjunto-que-nao-pode-ser-amputado-27053329');\" style=\"color: #ffffff;\"  href=\"http:\/\/www.publico.pt\/opiniao\/jornal\/hospital-miguel-bombarda-um-extraordinario-conjunto-que-nao-pode-ser-amputado-27053329\" target=\"_blank\">06-09-2013 &#8211; Hospital Miguel Bombarda: um extraordin\u00e1rio conjunto que n\u00e3o pode ser amputado [V\u00edtor Freire]<\/a><\/span><\/p>\n<p>&nbsp;<\/p>\n","protected":false},"excerpt":{"rendered":"<p>15-02-2014 &#8211;\u00a0Cultura e Arte, para revitalizar a Colina [V\u00edtor Freire] 20-03-2014 &#8211;\u00a0Colina de Santana: haja transpar\u00eancia! [Pompeu Santos] 04-12-2013 &#8211;\u00a0A classifica\u00e7\u00e3o do Hospital Miguel Bombarda e o futuro da nossa cultura [V\u00edtor Oliveira] 06-09-2013 &#8211; Hospital Miguel Bombarda: um extraordin\u00e1rio conjunto que n\u00e3o pode ser amputado [V\u00edtor Freire] &#038;nbsp<\/p>\n","protected":false},"author":1,"featured_media":0,"parent":0,"menu_order":0,"comment_status":"closed","ping_status":"closed","template":"","meta":{"ngg_post_thumbnail":0},"_links":{"self":[{"href":"https:\/\/aparteoutsider.org\/index.php?rest_route=\/wp\/v2\/pages\/496"}],"collection":[{"href":"https:\/\/aparteoutsider.org\/index.php?rest_route=\/wp\/v2\/pages"}],"about":[{"href":"https:\/\/aparteoutsider.org\/index.php?rest_route=\/wp\/v2\/types\/page"}],"author":[{"embeddable":true,"href":"https:\/\/aparteoutsider.org\/index.php?rest_route=\/wp\/v2\/users\/1"}],"replies":[{"embeddable":true,"href":"https:\/\/aparteoutsider.org\/index.php?rest_route=%2Fwp%2Fv2%2Fcomments&post=496"}],"version-history":[{"count":2,"href":"https:\/\/aparteoutsider.org\/index.php?rest_route=\/wp\/v2\/pages\/496\/revisions"}],"predecessor-version":[{"id":500,"href":"https:\/\/aparteoutsider.org\/index.php?rest_route=\/wp\/v2\/pages\/496\/revisions\/500"}],"wp:attachment":[{"href":"https:\/\/aparteoutsider.org\/index.php?rest_route=%2Fwp%2Fv2%2Fmedia&parent=496"}],"curies":[{"name":"wp","href":"https:\/\/api.w.org\/{rel}","templated":true}]}}