{"id":55,"date":"2011-11-06T14:56:40","date_gmt":"2011-11-06T14:56:40","guid":{"rendered":"http:\/\/aparteoutsider.org\/?page_id=55"},"modified":"2011-11-20T05:38:19","modified_gmt":"2011-11-20T05:38:19","slug":"bibliografia","status":"publish","type":"page","link":"https:\/\/aparteoutsider.org\/?page_id=55","title":{"rendered":"Bibliografia"},"content":{"rendered":"<table style=\"width: 914px;\" border=\"0\" cellspacing=\"0\" cellpadding=\"0\">\n<tbody>\n<tr>\n<td style=\"vertical-align: top;\" width=\"586\">\n<h4 style=\"text-align: justify;\"><span style=\"color: #99cc00;\"><strong>BIBLIOGRAFIA PRINCIPAL RECOMENDADA<\/strong><\/span><\/h4>\n<p style=\"text-align: justify;\"><span style=\"color: #edead8;\">&#8211; Walter Morgenthaler, <em>Madness and Art, The Life and Works of Adolf Wolfli,<\/em> University of Nebraska, 1992 (trad. da 1\u00ba ed. de 1921).<\/span><\/p>\n<p style=\"text-align: justify;\"><span style=\"color: #edead8;\">&#8211; Hans Prinzhorn, <em>Artistry of the Mentally Hill<\/em>, (trad. da 1\u00aa ed. de 1922), Springer \u2013Verlag, 1972.<\/span><\/p>\n<p style=\"text-align: justify;\"><span style=\"color: #edead8;\">&#8211; Roger Cardinale, <em>Outsider Art<\/em>, Praeger Publishers, 1972.<\/span><\/p>\n<p style=\"text-align: justify;\"><span style=\"color: #edead8;\">&#8211; Michel Th\u00e9voz, <em>Art Brut<\/em>, 1\u00aa edi\u00e7\u00e3o de 1975, com introdu\u00e7\u00e3o de Jean Dubuffet.<\/span><\/p>\n<p style=\"text-align: justify;\"><span style=\"color: #edead8;\">&#8211; <em>Jaime<\/em>, Cat\u00e1logo da Exposi\u00e7\u00e3o, Funda\u00e7\u00e3o Calouste Gulbenkian, Lisboa, 1980.<\/span><\/p>\n<p style=\"text-align: justify;\"><span style=\"color: #edead8;\">&#8211; <em>Eugene Von Bruenchenhein, Obssessive Visionary<\/em>, John Michael Kohler Arts Center, Wisconsin, 1988.<\/span><\/p>\n<p style=\"text-align: justify;\"><span style=\"color: #edead8;\">&#8211; John Maizels, <em>Raw Creations, Outsider Art and beyond,<\/em> Phaidon, 1996.<\/span><\/p>\n<p style=\"text-align: justify;\"><span style=\"color: #edead8;\">&#8211; Lucienne Peiry, <em>L\u2019Art Brut<\/em>, Flammarion, 1997.<\/span><\/p>\n<p style=\"text-align: justify;\"><span style=\"color: #edead8;\">&#8211; Klaus Biesenbach, <em>Henry Darger<\/em>, Prestel, 2009.<\/span><\/p>\n<p style=\"text-align: justify;\"><span style=\"color: #edead8;\">&#8211; Colin Rhodes, <em>Outsider Art, Spontaneous Alternatives,<\/em> Thames &amp; Hudson, 2010.<\/span><\/p>\n<p style=\"text-align: justify;\"><span style=\"color: #edead8;\">-Filme <em>Jaime<\/em>, 1974, realizado por Ant\u00f3nio Reis e Margarida Cordeiro.<\/span><\/p>\n<p style=\"text-align: justify;\"><span style=\"color: #edead8;\">&#8211; Laurent Dauchin, <em>Jean Dubuffet, Peintre Philosophe<\/em>, Les Editions de L&#8217;Amateur, 2001<\/span><\/p>\n<\/td>\n<td style=\"vertical-align: top; text-align: center; background-color: #222222; padding-left: 1px; padding-right: 1px;\" width=\"330\">\n<p style=\"text-align: center;\"><a onclick=\"javascript:pageTracker._trackPageview('\/downloads\/wp-content\/uploads\/2011\/11\/4.-16.jpg');\"  href=\"http:\/\/aparteoutsider.org\/wp-content\/uploads\/2011\/11\/4.-16.jpg\"><img decoding=\"async\" loading=\"lazy\" class=\"size-medium wp-image-139  aligncenter\" style=\"padding: 0px;\" src=\"http:\/\/aparteoutsider.org\/wp-content\/uploads\/2011\/11\/4.-16-300x230.jpg\" alt=\"\" width=\"300\" height=\"230\" srcset=\"https:\/\/aparteoutsider.org\/wp-content\/uploads\/2011\/11\/4.-16-300x230.jpg 300w, https:\/\/aparteoutsider.org\/wp-content\/uploads\/2011\/11\/4.-16-1024x785.jpg 1024w, https:\/\/aparteoutsider.org\/wp-content\/uploads\/2011\/11\/4.-16.jpg 1500w\" sizes=\"(max-width: 300px) 100vw, 300px\" \/><\/a><\/p>\n<p><div id=\"attachment_140\" style=\"width: 310px\" class=\"wp-caption aligncenter\"><a onclick=\"javascript:pageTracker._trackPageview('\/downloads\/wp-content\/uploads\/2011\/11\/5.-1.jpg');\"  href=\"http:\/\/aparteoutsider.org\/wp-content\/uploads\/2011\/11\/5.-1.jpg\"><img aria-describedby=\"caption-attachment-140\" decoding=\"async\" loading=\"lazy\" class=\"size-medium wp-image-140 \" style=\"padding: 0px;\" src=\"http:\/\/aparteoutsider.org\/wp-content\/uploads\/2011\/11\/5.-1-218x300.jpg\" alt=\"\" width=\"300\" height=\"413\" srcset=\"https:\/\/aparteoutsider.org\/wp-content\/uploads\/2011\/11\/5.-1-218x300.jpg 218w, https:\/\/aparteoutsider.org\/wp-content\/uploads\/2011\/11\/5.-1-744x1024.jpg 744w, https:\/\/aparteoutsider.org\/wp-content\/uploads\/2011\/11\/5.-1.jpg 1163w\" sizes=\"(max-width: 300px) 100vw, 300px\" \/><\/a><p id=\"caption-attachment-140\" class=\"wp-caption-text\">Revista Raw Vision<\/p><\/div><\/td>\n<\/tr>\n<\/tbody>\n<\/table>\n","protected":false},"excerpt":{"rendered":"<p>BIBLIOGRAFIA PRINCIPAL RECOMENDADA &#8211; Walter Morgenthaler, Madness and Art, The Life and Works of Adolf Wolfli, University of Nebraska, 1992 (trad. da 1\u00ba ed. de 1921). &#8211; Hans Prinzhorn, Artistry of the Mentally Hill, (trad. da 1\u00aa ed. de 1922), Springer \u2013Verlag, 1972. &#8211; Roger Cardinale, Outsider Art, Praeger Publishers, 1972. &#8211; Michel Th\u00e9voz, Art [&#038;hellip<\/p>\n","protected":false},"author":1,"featured_media":0,"parent":0,"menu_order":0,"comment_status":"closed","ping_status":"closed","template":"page-noside-nocomment.php","meta":{"ngg_post_thumbnail":0},"_links":{"self":[{"href":"https:\/\/aparteoutsider.org\/index.php?rest_route=\/wp\/v2\/pages\/55"}],"collection":[{"href":"https:\/\/aparteoutsider.org\/index.php?rest_route=\/wp\/v2\/pages"}],"about":[{"href":"https:\/\/aparteoutsider.org\/index.php?rest_route=\/wp\/v2\/types\/page"}],"author":[{"embeddable":true,"href":"https:\/\/aparteoutsider.org\/index.php?rest_route=\/wp\/v2\/users\/1"}],"replies":[{"embeddable":true,"href":"https:\/\/aparteoutsider.org\/index.php?rest_route=%2Fwp%2Fv2%2Fcomments&post=55"}],"version-history":[{"count":14,"href":"https:\/\/aparteoutsider.org\/index.php?rest_route=\/wp\/v2\/pages\/55\/revisions"}],"predecessor-version":[{"id":165,"href":"https:\/\/aparteoutsider.org\/index.php?rest_route=\/wp\/v2\/pages\/55\/revisions\/165"}],"wp:attachment":[{"href":"https:\/\/aparteoutsider.org\/index.php?rest_route=%2Fwp%2Fv2%2Fmedia&parent=55"}],"curies":[{"name":"wp","href":"https:\/\/api.w.org\/{rel}","templated":true}]}}