{"id":58,"date":"2011-11-06T14:59:48","date_gmt":"2011-11-06T14:59:48","guid":{"rendered":"http:\/\/aparteoutsider.org\/?page_id=58"},"modified":"2016-01-02T11:56:51","modified_gmt":"2016-01-02T11:56:51","slug":"museus-e-sites","status":"publish","type":"page","link":"https:\/\/aparteoutsider.org\/?page_id=58","title":{"rendered":"Museus"},"content":{"rendered":"<table style=\"width: 914px;\" border=\"0\" cellspacing=\"0\" cellpadding=\"0\">\n<tbody>\n<tr>\n<td style=\"vertical-align: top;\" width=\"586\">\n<h4 style=\"text-align: center;\"><span style=\"color: #99cc00;\">PRINCIPAIS MUSEUS \u2013 SITES \u2013 IMPRENSA<\/span><\/h4>\n<p style=\"text-align: justify;\">&#8211; Raw Vision \u2013 revista internacional de Arte Outsider e Arte Popular<\/p>\n<p style=\"text-align: justify;\">\u00a0\u00a0Contempor\u00e2nea &#8211; www.rawvision.com<\/p>\n<p style=\"text-align: justify;\">&#8211; Collection de L\u2019Art Brut (Museu), Lausanne &#8211; www.artbrut.ch<\/p>\n<p style=\"text-align: justify;\">&#8211; American Folk Art Museum, Nova Iorque &#8211; www.folkartmuseum.org<\/p>\n<p style=\"text-align: justify;\">&#8211; Collection ABCD &#8211; Paris, www.abcd.artbrut.org<\/p>\n<p style=\"text-align: justify;\">&#8211; Museu Prinzhorn, Heidelberg &#8211; www.prinzhorn.uni-hd.de<\/p>\n<p style=\"text-align: justify;\">&#8211; Museu de Psiquiatria, Waldau, Berna &#8211; www.puk.unibe.ch\/cu\/museum<\/p>\n<p style=\"text-align: justify;\">&#8211; American Visionary Art Museum &#8211;\u00a0 Baltimore &#8211; www.avam.org<\/p>\n<p style=\"text-align: justify;\">&#8211; Pavilh\u00e3o de Seguran\u00e7a, Museu Miguel Bombarda, Lisboa &#8211; (quartas 11,30 \u00e0s 13,00h, s\u00e1bados 14,00 \u00e0s 18,00h)<\/p>\n<p style=\"text-align: justify;\">&#8211; Intuit, Chicago &#8211; www.art.org<\/p>\n<p style=\"text-align: justify;\">&#8211; LAM, Museu Lille-Metropole &#8211; www.musee-lam.fr<\/p>\n<p style=\"text-align: justify;\">&#8211; Halle Saint Pierre, Paris \u2013 www.hallesaintpierre.org<\/p>\n<p>&#8211; Museu Dr. Guislain, Gent, B\u00e9lgica \u2013 (do Hospital com o mesmo nome) \u2013<\/p>\n<p>www.museumdrguislain.be www.collectiedestadeshf.nf<\/p>\n<p>&#8211; Museu Ovartaci, Dinamarca \u2013 www.ovartaci.dk<\/p>\n<p>&#8211; Museu Psiqui\u00e1trico San Servolo, Veneza \u2013 www.fondazionesanservolo.it<\/p>\n<p>&#8211; Museu Gugging, Viena, \u00c1ustria \u2013 www.gugging.at<\/p>\n<p>&#8211; Nek Chand, Rock Garden, Chandigarh, \u00cdndia \u2013 www.nekchand.org<\/p>\n<p>&#8211; Ferdinand Cheval, Le Palais Id\u00e9al, Dr\u00f4me, Fran\u00e7a \u2013 www,facteurcheval.com<\/p>\n<div id=\"attachment_468\" style=\"width: 310px\" class=\"wp-caption aligncenter\"><a onclick=\"javascript:pageTracker._trackPageview('\/downloads\/wp-content\/uploads\/2011\/11\/San_Servolo.jpg');\"  href=\"http:\/\/aparteoutsider.org\/wp-content\/uploads\/2011\/11\/San_Servolo.jpg\" rel=\"attachment wp-att-468\"><img aria-describedby=\"caption-attachment-468\" decoding=\"async\" loading=\"lazy\" class=\"size-medium wp-image-468\" src=\"http:\/\/aparteoutsider.org\/wp-content\/uploads\/2011\/11\/San_Servolo-300x300.jpg\" alt=\"Museu de Psiquiatria de San Servolo, no antigo hospital com o mesmo nome, restaurado.\" width=\"300\" height=\"300\" srcset=\"https:\/\/aparteoutsider.org\/wp-content\/uploads\/2011\/11\/San_Servolo-300x300.jpg 300w, https:\/\/aparteoutsider.org\/wp-content\/uploads\/2011\/11\/San_Servolo-150x150.jpg 150w, https:\/\/aparteoutsider.org\/wp-content\/uploads\/2011\/11\/San_Servolo-768x767.jpg 768w, https:\/\/aparteoutsider.org\/wp-content\/uploads\/2011\/11\/San_Servolo.jpg 975w\" sizes=\"(max-width: 300px) 100vw, 300px\" \/><\/a><p id=\"caption-attachment-468\" class=\"wp-caption-text\">Museu de Psiquiatria de San Servolo, no antigo hospital com o mesmo nome, restaurado.<\/p><\/div>\n<p>&nbsp;<\/td>\n<td style=\"vertical-align: top; text-align: center; background-color: #222222; padding-left: 1px; padding-right: 1px;\" width=\"330\">\n<div id=\"attachment_141\" style=\"width: 310px\" class=\"wp-caption aligncenter\"><img aria-describedby=\"caption-attachment-141\" decoding=\"async\" loading=\"lazy\" class=\"size-medium wp-image-141 \" style=\"padding: 0px;\" src=\"http:\/\/aparteoutsider.org\/wp-content\/uploads\/2011\/11\/5.-2-e1321581161566-300x197.jpg\" alt=\"\" width=\"300\" height=\"197\" srcset=\"https:\/\/aparteoutsider.org\/wp-content\/uploads\/2011\/11\/5.-2-e1321581161566-300x197.jpg 300w, https:\/\/aparteoutsider.org\/wp-content\/uploads\/2011\/11\/5.-2-e1321581161566-1024x674.jpg 1024w, https:\/\/aparteoutsider.org\/wp-content\/uploads\/2011\/11\/5.-2-e1321581161566.jpg 1406w\" sizes=\"(max-width: 300px) 100vw, 300px\" \/><p id=\"caption-attachment-141\" class=\"wp-caption-text\"><span style=\"font-size: 16px; line-height: 24px;\">Museu da Collection de l\u2019Art Brut, Lausanne<\/span><\/p><\/div>\n<div id=\"attachment_134\" style=\"width: 310px\" class=\"wp-caption aligncenter\"><img aria-describedby=\"caption-attachment-134\" decoding=\"async\" loading=\"lazy\" class=\"size-medium wp-image-134 \" style=\"padding: 0px;\" src=\"http:\/\/aparteoutsider.org\/wp-content\/uploads\/2011\/11\/4.-10-e1321581352642-232x300.jpg\" alt=\"\" width=\"300\" height=\"388\" srcset=\"https:\/\/aparteoutsider.org\/wp-content\/uploads\/2011\/11\/4.-10-e1321581352642-232x300.jpg 232w, https:\/\/aparteoutsider.org\/wp-content\/uploads\/2011\/11\/4.-10-e1321581352642-794x1024.jpg 794w\" sizes=\"(max-width: 300px) 100vw, 300px\" \/><p id=\"caption-attachment-134\" class=\"wp-caption-text\"><span style=\"font-size: 16px; line-height: 24px;\">Interior do Museu Collection de l\u2019Art Brut, Lausanne<\/span><\/p><\/div>\n<div id=\"attachment_142\" style=\"width: 310px\" class=\"wp-caption aligncenter\"><img aria-describedby=\"caption-attachment-142\" decoding=\"async\" loading=\"lazy\" class=\"size-medium wp-image-142 \" style=\"padding: 0px;\" src=\"http:\/\/aparteoutsider.org\/wp-content\/uploads\/2011\/11\/5.-3-300x225.jpg\" alt=\"\" width=\"300\" height=\"225\" srcset=\"https:\/\/aparteoutsider.org\/wp-content\/uploads\/2011\/11\/5.-3-300x225.jpg 300w, https:\/\/aparteoutsider.org\/wp-content\/uploads\/2011\/11\/5.-3-1024x769.jpg 1024w, https:\/\/aparteoutsider.org\/wp-content\/uploads\/2011\/11\/5.-3.jpg 1406w\" sizes=\"(max-width: 300px) 100vw, 300px\" \/><p id=\"caption-attachment-142\" class=\"wp-caption-text\"><span style=\"font-size: 16px; line-height: 24px;\">Museu Prinzhorn, Heidelberg<\/span><\/p><\/div>\n<p><div id=\"attachment_143\" style=\"width: 310px\" class=\"wp-caption aligncenter\"><img aria-describedby=\"caption-attachment-143\" decoding=\"async\" loading=\"lazy\" class=\"size-medium wp-image-143 \" style=\"padding: 0px;\" src=\"http:\/\/aparteoutsider.org\/wp-content\/uploads\/2011\/11\/5.-4-300x225.jpg\" alt=\"\" width=\"300\" height=\"225\" srcset=\"https:\/\/aparteoutsider.org\/wp-content\/uploads\/2011\/11\/5.-4-300x225.jpg 300w, https:\/\/aparteoutsider.org\/wp-content\/uploads\/2011\/11\/5.-4-1024x768.jpg 1024w, https:\/\/aparteoutsider.org\/wp-content\/uploads\/2011\/11\/5.-4.jpg 1500w\" sizes=\"(max-width: 300px) 100vw, 300px\" \/><p id=\"caption-attachment-143\" class=\"wp-caption-text\"><span style=\"font-size: 16px; line-height: 24px;\">Pavilh\u00e3o de Seguran\u00e7a (1896), Museu Miguel Bombarda<\/span><\/p><\/div><\/td>\n<\/tr>\n<\/tbody>\n<\/table>\n","protected":false},"excerpt":{"rendered":"<p>PRINCIPAIS MUSEUS \u2013 SITES \u2013 IMPRENSA &#8211; Raw Vision \u2013 revista internacional de Arte Outsider e Arte Popular \u00a0\u00a0Contempor\u00e2nea &#8211; www.rawvision.com &#8211; Collection de L\u2019Art Brut (Museu), Lausanne &#8211; www.artbrut.ch &#8211; American Folk Art Museum, Nova Iorque &#8211; www.folkartmuseum.org &#8211; Collection ABCD &#8211; Paris, www.abcd.artbrut.org &#8211; Museu Prinzhorn, Heidelberg &#8211; www.prinzhorn.uni-hd.de &#8211; Museu de Psiquiatria, [&#038;hellip<\/p>\n","protected":false},"author":1,"featured_media":0,"parent":0,"menu_order":0,"comment_status":"closed","ping_status":"closed","template":"page-noside-nocomment.php","meta":{"ngg_post_thumbnail":0},"_links":{"self":[{"href":"https:\/\/aparteoutsider.org\/index.php?rest_route=\/wp\/v2\/pages\/58"}],"collection":[{"href":"https:\/\/aparteoutsider.org\/index.php?rest_route=\/wp\/v2\/pages"}],"about":[{"href":"https:\/\/aparteoutsider.org\/index.php?rest_route=\/wp\/v2\/types\/page"}],"author":[{"embeddable":true,"href":"https:\/\/aparteoutsider.org\/index.php?rest_route=\/wp\/v2\/users\/1"}],"replies":[{"embeddable":true,"href":"https:\/\/aparteoutsider.org\/index.php?rest_route=%2Fwp%2Fv2%2Fcomments&post=58"}],"version-history":[{"count":16,"href":"https:\/\/aparteoutsider.org\/index.php?rest_route=\/wp\/v2\/pages\/58\/revisions"}],"predecessor-version":[{"id":469,"href":"https:\/\/aparteoutsider.org\/index.php?rest_route=\/wp\/v2\/pages\/58\/revisions\/469"}],"wp:attachment":[{"href":"https:\/\/aparteoutsider.org\/index.php?rest_route=%2Fwp%2Fv2%2Fmedia&parent=58"}],"curies":[{"name":"wp","href":"https:\/\/api.w.org\/{rel}","templated":true}]}}